{"id":3228,"date":"2021-05-02T12:03:29","date_gmt":"2021-05-02T12:03:29","guid":{"rendered":"https:\/\/authorfresh.com\/index.php\/contact\/"},"modified":"2025-09-08T12:18:37","modified_gmt":"2025-09-08T12:18:37","slug":"contacto","status":"publish","type":"page","link":"https:\/\/authorfresh.com\/?page_id=3228","title":{"rendered":"Contacto"},"content":{"rendered":"\t\t<div data-elementor-type=\"wp-page\" data-elementor-id=\"3228\" class=\"elementor elementor-3228\" data-elementor-post-type=\"page\">\n\t\t\t\t\t\t<section class=\"elementor-section elementor-top-section elementor-element elementor-element-9725aef elementor-section-boxed elementor-section-height-default elementor-section-height-default\" data-id=\"9725aef\" data-element_type=\"section\">\n\t\t\t\t\t\t<div class=\"elementor-container elementor-column-gap-wide\">\n\t\t\t\t\t<div class=\"elementor-column elementor-col-100 elementor-top-column elementor-element elementor-element-3ec961b\" data-id=\"3ec961b\" data-element_type=\"column\">\n\t\t\t<div class=\"elementor-widget-wrap elementor-element-populated\">\n\t\t\t\t\t\t<div class=\"elementor-element elementor-element-c86f7ec elementor-widget elementor-widget-text-editor\" data-id=\"c86f7ec\" data-element_type=\"widget\" data-widget_type=\"text-editor.default\">\n\t\t\t\t\t\t\t\t\t<p>\u00a1Estamos a su servicio y esperamos su correo electr\u00f3nico, llamada o visita!<\/p>\t\t\t\t\t\t\t\t<\/div>\n\t\t\t\t<div class=\"elementor-element elementor-element-a054bf1 elementor-widget elementor-widget-spacer\" data-id=\"a054bf1\" data-element_type=\"widget\" data-widget_type=\"spacer.default\">\n\t\t\t\t\t\t\t<div class=\"elementor-spacer\">\n\t\t\t<div class=\"elementor-spacer-inner\"><\/div>\n\t\t<\/div>\n\t\t\t\t\t\t<\/div>\n\t\t\t\t<div class=\"elementor-element elementor-element-4f60837 elementor-widget elementor-widget-heading\" data-id=\"4f60837\" data-element_type=\"widget\" data-widget_type=\"heading.default\">\n\t\t\t\t\t<h5 class=\"elementor-heading-title elementor-size-default\">tel. 615 104 344<\/h5>\t\t\t\t<\/div>\n\t\t\t\t<div class=\"elementor-element elementor-element-df8e059 elementor-widget elementor-widget-spacer\" data-id=\"df8e059\" data-element_type=\"widget\" data-widget_type=\"spacer.default\">\n\t\t\t\t\t\t\t<div class=\"elementor-spacer\">\n\t\t\t<div class=\"elementor-spacer-inner\"><\/div>\n\t\t<\/div>\n\t\t\t\t\t\t<\/div>\n\t\t\t\t<div class=\"elementor-element elementor-element-2d5b86b elementor-widget elementor-widget-heading\" data-id=\"2d5b86b\" data-element_type=\"widget\" data-widget_type=\"heading.default\">\n\t\t\t\t\t<h5 class=\"elementor-heading-title elementor-size-default\">Almac\u00e9n Hortofrut\u00edcola Author Fresh SL\n\nC\/ Bra\u00e7al de Ferra 6A, 46800 Xativa, Valencia.<\/h5>\t\t\t\t<\/div>\n\t\t\t\t<div class=\"elementor-element elementor-element-b261e98 elementor-widget elementor-widget-spacer\" data-id=\"b261e98\" data-element_type=\"widget\" data-widget_type=\"spacer.default\">\n\t\t\t\t\t\t\t<div class=\"elementor-spacer\">\n\t\t\t<div class=\"elementor-spacer-inner\"><\/div>\n\t\t<\/div>\n\t\t\t\t\t\t<\/div>\n\t\t\t\t<div class=\"elementor-element elementor-element-26f33d3 elementor-align-center elementor-widget elementor-widget-the7_button_widget\" data-id=\"26f33d3\" data-element_type=\"widget\" data-widget_type=\"the7_button_widget.default\">\n\t\t\t\t<div class=\"elementor-widget-container\">\n\t\t\t\t\t<div class=\"elementor-button-wrapper\"><a href=\"https:\/\/www.google.com\/maps\/place\/Napa+Valley,+%D0%9A%D0%B0%D0%BB%D1%96%D1%84%D0%BE%D1%80%D0%BD%D1%96%D1%8F,+%D0%A1%D0%BF%D0%BE%D0%BB%D1%83%D1%87%D0%B5%D0%BD%D1%96+%D0%A8%D1%82%D0%B0%D1%82%D0%B8+%D0%90%D0%BC%D0%B5%D1%80%D0%B8%D0%BA%D0%B8\/@38.4297365,-122.5609133,11z\/data=!3m1!4b1!4m5!3m4!1s0x808454f53baeb1ad:0x863a3784a09da6e3!8m2!3d38.4274315!4d-122.3943299\" class=\"box-button elementor-button elementor-size-md\">Ver ubicaci\u00f3n en Google Maps<svg aria-hidden=\"true\" class=\"elementor-button-icon e-font-icon-svg e-fas-map-pin\" viewBox=\"0 0 288 512\" xmlns=\"http:\/\/www.w3.org\/2000\/svg\"><path d=\"M112 316.94v156.69l22.02 33.02c4.75 7.12 15.22 7.12 19.97 0L176 473.63V316.94c-10.39 1.92-21.06 3.06-32 3.06s-21.61-1.14-32-3.06zM144 0C64.47 0 0 64.47 0 144s64.47 144 144 144 144-64.47 144-144S223.53 0 144 0zm0 76c-37.5 0-68 30.5-68 68 0 6.62-5.38 12-12 12s-12-5.38-12-12c0-50.73 41.28-92 92-92 6.62 0 12 5.38 12 12s-5.38 12-12 12z\"><\/path><\/svg><\/a><\/div>\t\t\t\t<\/div>\n\t\t\t\t<\/div>\n\t\t\t\t\t<\/div>\n\t\t<\/div>\n\t\t\t\t\t<\/div>\n\t\t<\/section>\n\t\t\t\t<section class=\"elementor-section elementor-top-section elementor-element elementor-element-00b64f9 elementor-section-boxed elementor-section-height-default elementor-section-height-default\" data-id=\"00b64f9\" data-element_type=\"section\">\n\t\t\t\t\t\t<div class=\"elementor-container elementor-column-gap-wide\">\n\t\t\t\t\t<div class=\"elementor-column elementor-col-100 elementor-top-column elementor-element elementor-element-d1bcaae\" data-id=\"d1bcaae\" data-element_type=\"column\">\n\t\t\t<div class=\"elementor-widget-wrap elementor-element-populated\">\n\t\t\t\t\t\t<div class=\"elementor-element elementor-element-b924486 elementor-widget elementor-widget-heading\" data-id=\"b924486\" data-element_type=\"widget\" data-widget_type=\"heading.default\">\n\t\t\t\t\t<h3 class=\"elementor-heading-title elementor-size-default\">ENV\u00cdANOS UN MENSAJE<\/h3>\t\t\t\t<\/div>\n\t\t\t\t<div class=\"elementor-element elementor-element-10ad98d elementor-widget elementor-widget-spacer\" data-id=\"10ad98d\" data-element_type=\"widget\" data-widget_type=\"spacer.default\">\n\t\t\t\t\t\t\t<div class=\"elementor-spacer\">\n\t\t\t<div class=\"elementor-spacer-inner\"><\/div>\n\t\t<\/div>\n\t\t\t\t\t\t<\/div>\n\t\t\t\t<div class=\"elementor-element elementor-element-0563fff elementor-button-align-stretch elementor-widget elementor-widget-form\" data-id=\"0563fff\" data-element_type=\"widget\" data-settings=\"{&quot;step_next_label&quot;:&quot;Siguiente&quot;,&quot;step_previous_label&quot;:&quot;Anterior&quot;,&quot;button_width&quot;:&quot;100&quot;,&quot;step_type&quot;:&quot;number_text&quot;,&quot;step_icon_shape&quot;:&quot;circle&quot;}\" data-widget_type=\"form.default\">\n\t\t\t\t\t\t\t<form class=\"elementor-form\" method=\"post\" name=\"New Form\" aria-label=\"New Form\">\n\t\t\t<input type=\"hidden\" name=\"post_id\" value=\"3228\"\/>\n\t\t\t<input type=\"hidden\" name=\"form_id\" value=\"0563fff\"\/>\n\t\t\t<input type=\"hidden\" name=\"referer_title\" value=\"Contacto - Author Fresh\" \/>\n\n\t\t\t\t\t\t\t<input type=\"hidden\" name=\"queried_id\" value=\"3228\"\/>\n\t\t\t\n\t\t\t<div class=\"elementor-form-fields-wrapper elementor-labels-above\">\n\t\t\t\t\t\t\t\t<div class=\"elementor-field-type-text elementor-field-group elementor-column elementor-field-group-name elementor-col-100 elementor-field-required elementor-mark-required\">\n\t\t\t\t\t\t\t\t\t\t\t\t<label for=\"form-field-name\" class=\"elementor-field-label\">\n\t\t\t\t\t\t\t\tNombre\t\t\t\t\t\t\t<\/label>\n\t\t\t\t\t\t\t\t\t\t\t\t\t\t<input size=\"1\" type=\"text\" name=\"form_fields[name]\" id=\"form-field-name\" class=\"elementor-field elementor-size-md  elementor-field-textual\" required=\"required\">\n\t\t\t\t\t\t\t\t\t\t\t<\/div>\n\t\t\t\t\t\t\t\t<div class=\"elementor-field-type-email elementor-field-group elementor-column elementor-field-group-email elementor-col-100 elementor-field-required elementor-mark-required\">\n\t\t\t\t\t\t\t\t\t\t\t\t<label for=\"form-field-email\" class=\"elementor-field-label\">\n\t\t\t\t\t\t\t\tEmail\t\t\t\t\t\t\t<\/label>\n\t\t\t\t\t\t\t\t\t\t\t\t\t\t<input size=\"1\" type=\"email\" name=\"form_fields[email]\" id=\"form-field-email\" class=\"elementor-field elementor-size-md  elementor-field-textual\" required=\"required\">\n\t\t\t\t\t\t\t\t\t\t\t<\/div>\n\t\t\t\t\t\t\t\t<div class=\"elementor-field-type-textarea elementor-field-group elementor-column elementor-field-group-message elementor-col-100\">\n\t\t\t\t\t\t\t\t\t\t\t\t<label for=\"form-field-message\" class=\"elementor-field-label\">\n\t\t\t\t\t\t\t\tMensaje\t\t\t\t\t\t\t<\/label>\n\t\t\t\t\t\t<textarea class=\"elementor-field-textual elementor-field  elementor-size-md\" name=\"form_fields[message]\" id=\"form-field-message\" rows=\"6\"><\/textarea>\t\t\t\t<\/div>\n\t\t\t\t\t\t\t\t<div class=\"elementor-field-group elementor-column elementor-field-type-submit elementor-col-100 e-form__buttons\">\n\t\t\t\t\t<button class=\"elementor-button elementor-size-md\" type=\"submit\">\n\t\t\t\t\t\t<span class=\"elementor-button-content-wrapper\">\n\t\t\t\t\t\t\t\t\t\t\t\t\t\t\t\t\t\t\t\t\t\t<span class=\"elementor-button-text\">Enviar mensaje<\/span>\n\t\t\t\t\t\t\t\t\t\t\t\t\t<\/span>\n\t\t\t\t\t<\/button>\n\t\t\t\t<\/div>\n\t\t\t<\/div>\n\t\t<\/form>\n\t\t\t\t\t\t<\/div>\n\t\t\t\t\t<\/div>\n\t\t<\/div>\n\t\t\t\t\t<\/div>\n\t\t<\/section>\n\t\t\t\t<\/div>\n\t\t","protected":false},"excerpt":{"rendered":"<p>\u00a1Estamos a su servicio y esperamos su correo electr\u00f3nico, llamada o visita! tel. 615 104 344 Almac\u00e9n Hortofrut\u00edcola Author Fresh SL C\/ Bra\u00e7al de Ferra 6A, 46800 Xativa, Valencia. Ver ubicaci\u00f3n en Google Maps ENV\u00cdANOS UN MENSAJE<\/p>\n","protected":false},"author":1,"featured_media":2142,"parent":0,"menu_order":99,"comment_status":"closed","ping_status":"closed","template":"","meta":{"footnotes":""},"class_list":["post-3228","page","type-page","status-publish","has-post-thumbnail","hentry"],"yoast_head":"<!-- This site is optimized with the Yoast SEO plugin v25.9 - https:\/\/yoast.com\/wordpress\/plugins\/seo\/ -->\n<title>Contacto - Author Fresh<\/title>\n<meta name=\"robots\" content=\"index, follow, max-snippet:-1, max-image-preview:large, max-video-preview:-1\" \/>\n<link rel=\"canonical\" href=\"https:\/\/authorfresh.com\/?page_id=3228\" \/>\n<meta property=\"og:locale\" content=\"es_ES\" \/>\n<meta property=\"og:type\" content=\"article\" \/>\n<meta property=\"og:title\" content=\"Contacto - Author Fresh\" \/>\n<meta property=\"og:description\" content=\"\u00a1Estamos a su servicio y esperamos su correo electr\u00f3nico, llamada o visita! tel. 615 104 344 Almac\u00e9n Hortofrut\u00edcola Author Fresh SL C\/ Bra\u00e7al de Ferra 6A, 46800 Xativa, Valencia. Ver ubicaci\u00f3n en Google Maps ENV\u00cdANOS UN MENSAJE\" \/>\n<meta property=\"og:url\" content=\"https:\/\/authorfresh.com\/?page_id=3228\" \/>\n<meta property=\"og:site_name\" content=\"Author Fresh\" \/>\n<meta property=\"article:modified_time\" content=\"2025-09-08T12:18:37+00:00\" \/>\n<meta property=\"og:image\" content=\"https:\/\/authorfresh.com\/wp-content\/uploads\/2021\/05\/w-bg-103.jpg\" \/>\n\t<meta property=\"og:image:width\" content=\"1500\" \/>\n\t<meta property=\"og:image:height\" content=\"1000\" \/>\n\t<meta property=\"og:image:type\" content=\"image\/jpeg\" \/>\n<meta name=\"twitter:card\" content=\"summary_large_image\" \/>\n<script type=\"application\/ld+json\" class=\"yoast-schema-graph\">{\"@context\":\"https:\/\/schema.org\",\"@graph\":[{\"@type\":\"WebPage\",\"@id\":\"https:\/\/authorfresh.com\/?page_id=3228\",\"url\":\"https:\/\/authorfresh.com\/?page_id=3228\",\"name\":\"Contacto - Author Fresh\",\"isPartOf\":{\"@id\":\"https:\/\/authorfresh.com\/#website\"},\"primaryImageOfPage\":{\"@id\":\"https:\/\/authorfresh.com\/?page_id=3228#primaryimage\"},\"image\":{\"@id\":\"https:\/\/authorfresh.com\/?page_id=3228#primaryimage\"},\"thumbnailUrl\":\"https:\/\/authorfresh.com\/wp-content\/uploads\/2021\/05\/w-bg-103.jpg\",\"datePublished\":\"2021-05-02T12:03:29+00:00\",\"dateModified\":\"2025-09-08T12:18:37+00:00\",\"breadcrumb\":{\"@id\":\"https:\/\/authorfresh.com\/?page_id=3228#breadcrumb\"},\"inLanguage\":\"es\",\"potentialAction\":[{\"@type\":\"ReadAction\",\"target\":[\"https:\/\/authorfresh.com\/?page_id=3228\"]}]},{\"@type\":\"ImageObject\",\"inLanguage\":\"es\",\"@id\":\"https:\/\/authorfresh.com\/?page_id=3228#primaryimage\",\"url\":\"https:\/\/authorfresh.com\/wp-content\/uploads\/2021\/05\/w-bg-103.jpg\",\"contentUrl\":\"https:\/\/authorfresh.com\/wp-content\/uploads\/2021\/05\/w-bg-103.jpg\",\"width\":1500,\"height\":1000},{\"@type\":\"BreadcrumbList\",\"@id\":\"https:\/\/authorfresh.com\/?page_id=3228#breadcrumb\",\"itemListElement\":[{\"@type\":\"ListItem\",\"position\":1,\"name\":\"Portada\",\"item\":\"https:\/\/authorfresh.com\/\"},{\"@type\":\"ListItem\",\"position\":2,\"name\":\"Contacto\"}]},{\"@type\":\"WebSite\",\"@id\":\"https:\/\/authorfresh.com\/#website\",\"url\":\"https:\/\/authorfresh.com\/\",\"name\":\"Author Fresh\",\"description\":\"\",\"publisher\":{\"@id\":\"https:\/\/authorfresh.com\/#organization\"},\"potentialAction\":[{\"@type\":\"SearchAction\",\"target\":{\"@type\":\"EntryPoint\",\"urlTemplate\":\"https:\/\/authorfresh.com\/?s={search_term_string}\"},\"query-input\":{\"@type\":\"PropertyValueSpecification\",\"valueRequired\":true,\"valueName\":\"search_term_string\"}}],\"inLanguage\":\"es\"},{\"@type\":\"Organization\",\"@id\":\"https:\/\/authorfresh.com\/#organization\",\"name\":\"Author Fresh\",\"url\":\"https:\/\/authorfresh.com\/\",\"logo\":{\"@type\":\"ImageObject\",\"inLanguage\":\"es\",\"@id\":\"https:\/\/authorfresh.com\/#\/schema\/logo\/image\/\",\"url\":\"https:\/\/authorfresh.com\/wp-content\/uploads\/2021\/05\/berry-logo-white.svg\",\"contentUrl\":\"https:\/\/authorfresh.com\/wp-content\/uploads\/2021\/05\/berry-logo-white.svg\",\"width\":229,\"height\":120,\"caption\":\"Author Fresh\"},\"image\":{\"@id\":\"https:\/\/authorfresh.com\/#\/schema\/logo\/image\/\"}}]}<\/script>\n<!-- \/ Yoast SEO plugin. -->","yoast_head_json":{"title":"Contacto - Author Fresh","robots":{"index":"index","follow":"follow","max-snippet":"max-snippet:-1","max-image-preview":"max-image-preview:large","max-video-preview":"max-video-preview:-1"},"canonical":"https:\/\/authorfresh.com\/?page_id=3228","og_locale":"es_ES","og_type":"article","og_title":"Contacto - Author Fresh","og_description":"\u00a1Estamos a su servicio y esperamos su correo electr\u00f3nico, llamada o visita! tel. 615 104 344 Almac\u00e9n Hortofrut\u00edcola Author Fresh SL C\/ Bra\u00e7al de Ferra 6A, 46800 Xativa, Valencia. Ver ubicaci\u00f3n en Google Maps ENV\u00cdANOS UN MENSAJE","og_url":"https:\/\/authorfresh.com\/?page_id=3228","og_site_name":"Author Fresh","article_modified_time":"2025-09-08T12:18:37+00:00","og_image":[{"width":1500,"height":1000,"url":"https:\/\/authorfresh.com\/wp-content\/uploads\/2021\/05\/w-bg-103.jpg","type":"image\/jpeg"}],"twitter_card":"summary_large_image","schema":{"@context":"https:\/\/schema.org","@graph":[{"@type":"WebPage","@id":"https:\/\/authorfresh.com\/?page_id=3228","url":"https:\/\/authorfresh.com\/?page_id=3228","name":"Contacto - Author Fresh","isPartOf":{"@id":"https:\/\/authorfresh.com\/#website"},"primaryImageOfPage":{"@id":"https:\/\/authorfresh.com\/?page_id=3228#primaryimage"},"image":{"@id":"https:\/\/authorfresh.com\/?page_id=3228#primaryimage"},"thumbnailUrl":"https:\/\/authorfresh.com\/wp-content\/uploads\/2021\/05\/w-bg-103.jpg","datePublished":"2021-05-02T12:03:29+00:00","dateModified":"2025-09-08T12:18:37+00:00","breadcrumb":{"@id":"https:\/\/authorfresh.com\/?page_id=3228#breadcrumb"},"inLanguage":"es","potentialAction":[{"@type":"ReadAction","target":["https:\/\/authorfresh.com\/?page_id=3228"]}]},{"@type":"ImageObject","inLanguage":"es","@id":"https:\/\/authorfresh.com\/?page_id=3228#primaryimage","url":"https:\/\/authorfresh.com\/wp-content\/uploads\/2021\/05\/w-bg-103.jpg","contentUrl":"https:\/\/authorfresh.com\/wp-content\/uploads\/2021\/05\/w-bg-103.jpg","width":1500,"height":1000},{"@type":"BreadcrumbList","@id":"https:\/\/authorfresh.com\/?page_id=3228#breadcrumb","itemListElement":[{"@type":"ListItem","position":1,"name":"Portada","item":"https:\/\/authorfresh.com\/"},{"@type":"ListItem","position":2,"name":"Contacto"}]},{"@type":"WebSite","@id":"https:\/\/authorfresh.com\/#website","url":"https:\/\/authorfresh.com\/","name":"Author Fresh","description":"","publisher":{"@id":"https:\/\/authorfresh.com\/#organization"},"potentialAction":[{"@type":"SearchAction","target":{"@type":"EntryPoint","urlTemplate":"https:\/\/authorfresh.com\/?s={search_term_string}"},"query-input":{"@type":"PropertyValueSpecification","valueRequired":true,"valueName":"search_term_string"}}],"inLanguage":"es"},{"@type":"Organization","@id":"https:\/\/authorfresh.com\/#organization","name":"Author Fresh","url":"https:\/\/authorfresh.com\/","logo":{"@type":"ImageObject","inLanguage":"es","@id":"https:\/\/authorfresh.com\/#\/schema\/logo\/image\/","url":"https:\/\/authorfresh.com\/wp-content\/uploads\/2021\/05\/berry-logo-white.svg","contentUrl":"https:\/\/authorfresh.com\/wp-content\/uploads\/2021\/05\/berry-logo-white.svg","width":229,"height":120,"caption":"Author Fresh"},"image":{"@id":"https:\/\/authorfresh.com\/#\/schema\/logo\/image\/"}}]}},"_links":{"self":[{"href":"https:\/\/authorfresh.com\/index.php?rest_route=\/wp\/v2\/pages\/3228","targetHints":{"allow":["GET"]}}],"collection":[{"href":"https:\/\/authorfresh.com\/index.php?rest_route=\/wp\/v2\/pages"}],"about":[{"href":"https:\/\/authorfresh.com\/index.php?rest_route=\/wp\/v2\/types\/page"}],"author":[{"embeddable":true,"href":"https:\/\/authorfresh.com\/index.php?rest_route=\/wp\/v2\/users\/1"}],"replies":[{"embeddable":true,"href":"https:\/\/authorfresh.com\/index.php?rest_route=%2Fwp%2Fv2%2Fcomments&post=3228"}],"version-history":[{"count":28,"href":"https:\/\/authorfresh.com\/index.php?rest_route=\/wp\/v2\/pages\/3228\/revisions"}],"predecessor-version":[{"id":3731,"href":"https:\/\/authorfresh.com\/index.php?rest_route=\/wp\/v2\/pages\/3228\/revisions\/3731"}],"wp:featuredmedia":[{"embeddable":true,"href":"https:\/\/authorfresh.com\/index.php?rest_route=\/wp\/v2\/media\/2142"}],"wp:attachment":[{"href":"https:\/\/authorfresh.com\/index.php?rest_route=%2Fwp%2Fv2%2Fmedia&parent=3228"}],"curies":[{"name":"wp","href":"https:\/\/api.w.org\/{rel}","templated":true}]}}